{"id":4312,"date":"2025-03-12T00:05:22","date_gmt":"2025-03-12T00:05:22","guid":{"rendered":"https:\/\/theone-personalcare.de\/?post_type=product&#038;p=4312"},"modified":"2026-04-08T21:26:02","modified_gmt":"2026-04-08T21:26:02","slug":"power-eye-lifting-serum","status":"publish","type":"product","link":"https:\/\/theone-personalcare.de\/en\/product\/power-eye-lifting-serum\/","title":{"rendered":"POWER EYE LIFTING Serum"},"content":{"rendered":"<h3><strong>POWER EYE LIFTING SERUM<\/strong><\/h3>\n<h3><span style=\"color: #800000;\"><strong><em>Warum eine<\/em>\u00a0<\/strong><span class=\"s1\"><b><i>Augenpflege wichtig ist?\u00a0 <\/i><\/b><\/span><\/span><\/h3>\n<h3><span class=\"s1\"><b><i>Die Haut in diesem Bereich ist zart und d\u00fcnn und dem Umwelt Stress ausgesetzt, dadurch ist dieses Areal besonderst anf\u00e4llig f\u00fcr F\u00e4ltchen und Schwellungen.\u00a0<\/i><\/b><\/span><\/h3>\n<p>&nbsp;<\/p>\n<p><span class=\"s1\"><b><i>Diese AUGENPFLEGE REZEPTUR\u00a0 ist ein MULTIFUNKTIONALER WIRKSTOFF ein AWARD Winner,\u00a0 Preisgekr\u00f6nt durch seine einzigartige Wirksamkeit<\/i><\/b><\/span><\/p>\n<p>&nbsp;<\/p>\n<blockquote>\n<p class=\"p2\"><span class=\"s1\"><strong>DUNKLE AUGENRINGE haben keine Chance<\/strong>,\u00a0 <strong>das AUGEN OBERLID wird perfekt geliftet und gestrafft<\/strong>,<strong> in nur 14 TAGEN.<\/strong><\/span><\/p>\n<\/blockquote>\n<p>&nbsp;<\/p>\n<p class=\"p3\"><span class=\"s1\"><b>Multifunktionaler Wirkstoff\u00a0 Award Winner in der aktiven Funktion\u00a0<\/b><\/span><\/p>\n<blockquote>\n<p class=\"p3\"><strong><span class=\"s1\">LIFTET UND HEBT DAS AUGEN OBERLID AN. DUNKLE AUGENSCHATTEN HABEN KEINE CHANCE. STRAFFT UND VERJ\u00dcNGT DIE AUGENPARTIE.<\/span><\/strong><\/p>\n<\/blockquote>\n<p><img data-opt-id=1527088670  loading=\"eager\" fetchpriority=\"high\" decoding=\"async\" class=\"alignnone size-medium wp-image-4314\" src=\"https:\/\/mlhm3jpaxkql.i.optimole.com\/w:300\/h:300\/q:mauto\/rt:fill\/g:ce\/f:best\/https:\/\/theone-personalcare.de\/wp-content\/uploads\/2025\/03\/eyeserum.jpg\" alt=\"\" width=\"300\" height=\"300\" srcset=\"https:\/\/mlhm3jpaxkql.i.optimole.com\/w:300\/h:300\/q:mauto\/rt:fill\/g:ce\/f:best\/https:\/\/theone-personalcare.de\/wp-content\/uploads\/2025\/03\/eyeserum.jpg 300w, https:\/\/mlhm3jpaxkql.i.optimole.com\/w:1024\/h:1024\/q:mauto\/rt:fill\/g:ce\/f:best\/https:\/\/theone-personalcare.de\/wp-content\/uploads\/2025\/03\/eyeserum.jpg 1024w, https:\/\/mlhm3jpaxkql.i.optimole.com\/w:150\/h:150\/q:mauto\/rt:fill\/g:ce\/f:best\/https:\/\/theone-personalcare.de\/wp-content\/uploads\/2025\/03\/eyeserum.jpg 150w, https:\/\/mlhm3jpaxkql.i.optimole.com\/w:768\/h:768\/q:mauto\/rt:fill\/g:ce\/f:best\/https:\/\/theone-personalcare.de\/wp-content\/uploads\/2025\/03\/eyeserum.jpg 768w, https:\/\/mlhm3jpaxkql.i.optimole.com\/w:12\/h:12\/q:mauto\/rt:fill\/g:ce\/f:best\/https:\/\/theone-personalcare.de\/wp-content\/uploads\/2025\/03\/eyeserum.jpg 12w, https:\/\/mlhm3jpaxkql.i.optimole.com\/w:600\/h:600\/q:mauto\/rt:fill\/g:ce\/f:best\/https:\/\/theone-personalcare.de\/wp-content\/uploads\/2025\/03\/eyeserum.jpg 600w, https:\/\/mlhm3jpaxkql.i.optimole.com\/w:100\/h:100\/q:mauto\/rt:fill\/g:ce\/f:best\/https:\/\/theone-personalcare.de\/wp-content\/uploads\/2025\/03\/eyeserum.jpg 100w, https:\/\/mlhm3jpaxkql.i.optimole.com\/w:1080\/h:1080\/q:mauto\/rt:fill\/g:ce\/f:best\/https:\/\/theone-personalcare.de\/wp-content\/uploads\/2025\/03\/eyeserum.jpg 1080w\" sizes=\"(max-width: 300px) 100vw, 300px\" \/><\/p>\n<p class=\"p3\"><span class=\"s1\"><b>KRAFTVOLLE BIO-ACTIVE WIRKSTOFFE, die AUGENKONTUR\u00a0 wird sichtbar verj\u00fcngt.\u00a0<\/b><\/span><\/p>\n<blockquote>\n<p class=\"p1\"><span class=\"s1\"><b>AUGEN OBERLID STRAFFUNG + 115 %<\/b><\/span><\/p>\n<\/blockquote>\n<p class=\"p1\"><span class=\"s1\">IN NUR 14 TAGEN WERDEN SCHLAFFES OBERLID UND FALTEN REDUZIERT<\/span><\/p>\n<p class=\"p1\"><strong><span class=\"s1\">Die NEUEN BIO-AKTIVE WIRKSTOFFE ST\u00c4RKEN DIE AUGENKONTUR UND STRAFFEN DIE OBERLIDER.<\/span><\/strong><\/p>\n<p class=\"p2\"><span class=\"s1\"><b>SICHTBARE ANHEBUNG DES AUGEN OBERLIDS<\/b>,\u00a0<b>ATROPHISCHES AUGENOBERLID WIRD ANGEHOBEN IN NUR 14 TAGEN.<\/b><\/span><\/p>\n<p class=\"p1\"><span class=\"s1\"><b>SCHATTEN UND DUNKLE AUGENRINGE GEH\u00d6REN DER VERGANGENHEIT AN. SICHTBARE VERJ\u00dcNGUNG UM DIE AUGENPARTIE.<\/b><\/span><\/p>\n<p class=\"p1\"><span class=\"s1\"><b>BESTES AUGENPFLEGE PRODUKT ZUM VERJ\u00dcNGEN UND ANHEBEN DER OBERLIDER.<\/b><\/span><\/p>\n<p>&nbsp;<\/p>\n<p class=\"p2\"><span class=\"s1\"><b>Anwendung<\/b>: Morgens und abends auf das Oberlid und Augenareal sowie Stirn auftragen und einmassieren<\/span><\/p>\n<p class=\"p1\"><span class=\"s1\"><b>Empfehlung<\/b>: Mit diesem POWER EYE LIFT Serum erhalten Sie ein hochkonzentriertes Serum mit Award Winner Wirkstoffen, diese haben sich ausgezeichnet f\u00fcr die Behandlung der Stirn, Augenlider und bei Schwellungen der Augenpartie bew\u00e4hrt, Sie werden von Tag zu Tag eine Versch\u00f6nerung Ihrer Augenpartie sichtbar sehen und f\u00fchlen.Benutzen Sie dieses Produkt jeden Tag nach der Reinigung auf die Lider und gesamte Stirn und Augenpartie aufgetragen und leicht einmassieren bis das Produkt eingezogen ist.<\/span><\/p>\n<p class=\"p1\"><span class=\"s1\"><b>\u00a0 HERO WIRKSTOFFE<\/b><\/span><\/p>\n<ul class=\"ul1\">\n<li class=\"li2\"><b><\/b><span class=\"s3\"><b>Multifunktionaler Wirkstoff aus 2 kraftvollen Pflanzen Stammzellen \/ speziell zum Anheben vom Augen Oberlid &amp; dunklen Schatten um die Augen, hebt das Oberlid in nur 14 Tagen an. Wirksamkeitsnachweis Studien.\u00a0<\/b><\/span><\/li>\n<\/ul>","protected":false},"excerpt":{"rendered":"<p><span style=\"color: #808080;\">50ml<\/span><\/p>\n<ul class=\"ul1\">\n<li class=\"li1\"><b><\/b><span class=\"s2\"><b>In nur 14 Tagen werden Oberlider angehoben und geliftet<\/b><\/span><\/li>\n<li class=\"li1\"><b><\/b><span class=\"s2\"><b>Preisgekr\u00f6nter Wirkstoff mit lifting Wirkung<\/b><\/span><\/li>\n<li class=\"li2\"><b><\/b><span class=\"s2\"><b>AWARD WINNER in seiner Wirksamkeit zur VERJ\u00dcNGUNG der Augenpartie<\/b><\/span><\/li>\n<li class=\"li1\"><b><\/b><span class=\"s2\"><b>Dunkle Augenringe haben keine Chance<\/b><\/span><\/li>\n<li class=\"li1\"><b><\/b><span class=\"s2\"><b>Anti-Aging Aktivit\u00e4t\u00a0<\/b><\/span><\/li>\n<li class=\"li1\"><b><\/b><span class=\"s2\"><b>Abschwellende Wirkstoffe<\/b><\/span><\/li>\n<li class=\"li2\"><b><\/b><span class=\"s2\"><b>Lifting und Straffung der Lider und F\u00e4ltchen<\/b><\/span><\/li>\n<li class=\"li2\"><b><\/b><span class=\"s2\"><b>Auch f\u00fcr die intensive Behandlung der Stirnfalten<\/b><\/span><\/li>\n<li><strong>131% mehr Feuchtigkeit\u00a0<\/strong><\/li>\n<li class=\"li1\"><b><\/b><span class=\"s2\"><b>Die Wirkung in Studien best\u00e4tigt<\/b><\/span><\/li>\n<\/ul>","protected":false},"featured_media":4313,"comment_status":"open","ping_status":"closed","template":"","meta":{"ocean_post_layout":"full-width","ocean_both_sidebars_style":"","ocean_both_sidebars_content_width":0,"ocean_both_sidebars_sidebars_width":0,"ocean_sidebar":"0","ocean_second_sidebar":"0","ocean_disable_margins":"enable","ocean_add_body_class":"","ocean_shortcode_before_top_bar":"","ocean_shortcode_after_top_bar":"","ocean_shortcode_before_header":"","ocean_shortcode_after_header":"","ocean_has_shortcode":"","ocean_shortcode_after_title":"","ocean_shortcode_before_footer_widgets":"","ocean_shortcode_after_footer_widgets":"","ocean_shortcode_before_footer_bottom":"","ocean_shortcode_after_footer_bottom":"","ocean_display_top_bar":"default","ocean_display_header":"default","ocean_header_style":"","ocean_center_header_left_menu":"0","ocean_custom_header_template":"0","ocean_custom_logo":0,"ocean_custom_retina_logo":0,"ocean_custom_logo_max_width":0,"ocean_custom_logo_tablet_max_width":0,"ocean_custom_logo_mobile_max_width":0,"ocean_custom_logo_max_height":0,"ocean_custom_logo_tablet_max_height":0,"ocean_custom_logo_mobile_max_height":0,"ocean_header_custom_menu":"0","ocean_menu_typo_font_family":"0","ocean_menu_typo_font_subset":"","ocean_menu_typo_font_size":0,"ocean_menu_typo_font_size_tablet":0,"ocean_menu_typo_font_size_mobile":0,"ocean_menu_typo_font_size_unit":"px","ocean_menu_typo_font_weight":"","ocean_menu_typo_font_weight_tablet":"","ocean_menu_typo_font_weight_mobile":"","ocean_menu_typo_transform":"","ocean_menu_typo_transform_tablet":"","ocean_menu_typo_transform_mobile":"","ocean_menu_typo_line_height":0,"ocean_menu_typo_line_height_tablet":0,"ocean_menu_typo_line_height_mobile":0,"ocean_menu_typo_line_height_unit":"","ocean_menu_typo_spacing":0,"ocean_menu_typo_spacing_tablet":0,"ocean_menu_typo_spacing_mobile":0,"ocean_menu_typo_spacing_unit":"","ocean_menu_link_color":"","ocean_menu_link_color_hover":"","ocean_menu_link_color_active":"","ocean_menu_link_background":"","ocean_menu_link_hover_background":"","ocean_menu_link_active_background":"","ocean_menu_social_links_bg":"","ocean_menu_social_hover_links_bg":"","ocean_menu_social_links_color":"","ocean_menu_social_hover_links_color":"","ocean_disable_title":"on","ocean_disable_heading":"on","ocean_post_title":"","ocean_post_subheading":"","ocean_post_title_style":"","ocean_post_title_background_color":"","ocean_post_title_background":0,"ocean_post_title_bg_image_position":"","ocean_post_title_bg_image_attachment":"","ocean_post_title_bg_image_repeat":"","ocean_post_title_bg_image_size":"","ocean_post_title_height":0,"ocean_post_title_bg_overlay":0.5,"ocean_post_title_bg_overlay_color":"","ocean_disable_breadcrumbs":"default","ocean_breadcrumbs_color":"","ocean_breadcrumbs_separator_color":"","ocean_breadcrumbs_links_color":"","ocean_breadcrumbs_links_hover_color":"","ocean_display_footer_widgets":"default","ocean_display_footer_bottom":"default","ocean_custom_footer_template":"0"},"product_brand":[],"product_cat":[25],"product_tag":[],"class_list":{"0":"post-4312","1":"product","2":"type-product","3":"status-publish","4":"has-post-thumbnail","6":"product_cat-power-eye-lifting-serum","8":"entry","9":"has-media","11":"first","12":"instock","13":"taxable","14":"shipping-taxable","15":"purchasable","16":"product-type-simple","17":"has-product-nav","18":"col","19":"span_1_of_3","20":"owp-content-center","21":"owp-thumbs-layout-vertical","22":"owp-btn-normal","23":"owp-tabs-layout-horizontal","24":"has-no-thumbnails"},"yoast_head":"<!-- This site is optimized with the Yoast SEO plugin v25.4 - https:\/\/yoast.com\/wordpress\/plugins\/seo\/ -->\n<title>POWER EYE LIFTING Serum - TheONE personal care Germany\/Austria<\/title>\n<meta name=\"description\" content=\"POWER EYE LIFTING Serum Preisgekr\u00f6nter Wirkstoff mit lifting Wirkung, AWARD WINNER in seiner Wirksamkeit zur VERJ\u00dcNGUNG der Augenpartie\" \/>\n<meta name=\"robots\" content=\"index, follow, max-snippet:-1, max-image-preview:large, max-video-preview:-1\" \/>\n<link rel=\"canonical\" href=\"https:\/\/theone-personalcare.de\/en\/product\/power-eye-lifting-serum\/\" \/>\n<meta property=\"og:locale\" content=\"en_US\" \/>\n<meta property=\"og:type\" content=\"article\" \/>\n<meta property=\"og:title\" content=\"POWER EYE LIFTING Serum - TheONE personal care Germany\/Austria\" \/>\n<meta property=\"og:description\" content=\"POWER EYE LIFTING Serum Preisgekr\u00f6nter Wirkstoff mit lifting Wirkung, AWARD WINNER in seiner Wirksamkeit zur VERJ\u00dcNGUNG der Augenpartie\" \/>\n<meta property=\"og:url\" content=\"https:\/\/theone-personalcare.de\/en\/product\/power-eye-lifting-serum\/\" \/>\n<meta property=\"og:site_name\" content=\"TheONE personal care Germany\/Austria\" \/>\n<meta property=\"article:publisher\" content=\"https:\/\/www.facebook.com\/The-ONE-your-perfect-MATCH-to-success-Germany-Austria-109913571689332\" \/>\n<meta property=\"article:modified_time\" content=\"2026-04-08T21:26:02+00:00\" \/>\n<meta property=\"og:image\" content=\"https:\/\/mlhm3jpaxkql.i.optimole.com\/w:auto\/h:auto\/q:mauto\/f:best\/https:\/\/theone-personalcare.de\/wp-content\/uploads\/2025\/03\/eyeserum_.jpg\" \/>\n\t<meta property=\"og:image:width\" content=\"1080\" \/>\n\t<meta property=\"og:image:height\" content=\"1080\" \/>\n\t<meta property=\"og:image:type\" content=\"image\/jpeg\" \/>\n<meta name=\"twitter:card\" content=\"summary_large_image\" \/>\n<meta name=\"twitter:label1\" content=\"Est. reading time\" \/>\n\t<meta name=\"twitter:data1\" content=\"1 minute\" \/>\n<script type=\"application\/ld+json\" class=\"yoast-schema-graph\">{\"@context\":\"https:\/\/schema.org\",\"@graph\":[{\"@type\":\"WebPage\",\"@id\":\"https:\/\/theone-personalcare.de\/produkt\/power-eye-lifting-serum\/\",\"url\":\"https:\/\/theone-personalcare.de\/produkt\/power-eye-lifting-serum\/\",\"name\":\"POWER EYE LIFTING Serum - TheONE personal care Germany\/Austria\",\"isPartOf\":{\"@id\":\"https:\/\/theone-personalcare.de\/#website\"},\"primaryImageOfPage\":{\"@id\":\"https:\/\/theone-personalcare.de\/produkt\/power-eye-lifting-serum\/#primaryimage\"},\"image\":{\"@id\":\"https:\/\/theone-personalcare.de\/produkt\/power-eye-lifting-serum\/#primaryimage\"},\"thumbnailUrl\":\"https:\/\/mlhm3jpaxkql.i.optimole.com\/w:auto\/h:auto\/q:mauto\/f:best\/https:\/\/theone-personalcare.de\/wp-content\/uploads\/2025\/03\/eyeserum_.jpg\",\"datePublished\":\"2025-03-12T00:05:22+00:00\",\"dateModified\":\"2026-04-08T21:26:02+00:00\",\"description\":\"POWER EYE LIFTING Serum Preisgekr\u00f6nter Wirkstoff mit lifting Wirkung, AWARD WINNER in seiner Wirksamkeit zur VERJ\u00dcNGUNG der Augenpartie\",\"breadcrumb\":{\"@id\":\"https:\/\/theone-personalcare.de\/produkt\/power-eye-lifting-serum\/#breadcrumb\"},\"inLanguage\":\"en-US\",\"potentialAction\":[{\"@type\":\"ReadAction\",\"target\":[\"https:\/\/theone-personalcare.de\/produkt\/power-eye-lifting-serum\/\"]}]},{\"@type\":\"ImageObject\",\"inLanguage\":\"en-US\",\"@id\":\"https:\/\/theone-personalcare.de\/produkt\/power-eye-lifting-serum\/#primaryimage\",\"url\":\"https:\/\/mlhm3jpaxkql.i.optimole.com\/w:auto\/h:auto\/q:mauto\/f:best\/https:\/\/theone-personalcare.de\/wp-content\/uploads\/2025\/03\/eyeserum_.jpg\",\"contentUrl\":\"https:\/\/mlhm3jpaxkql.i.optimole.com\/w:auto\/h:auto\/q:mauto\/f:best\/https:\/\/theone-personalcare.de\/wp-content\/uploads\/2025\/03\/eyeserum_.jpg\",\"width\":1080,\"height\":1080},{\"@type\":\"BreadcrumbList\",\"@id\":\"https:\/\/theone-personalcare.de\/produkt\/power-eye-lifting-serum\/#breadcrumb\",\"itemListElement\":[{\"@type\":\"ListItem\",\"position\":1,\"name\":\"Startseite\",\"item\":\"https:\/\/theone-personalcare.de\/\"},{\"@type\":\"ListItem\",\"position\":2,\"name\":\"Shop\",\"item\":\"https:\/\/theone-personalcare.de\/shop\/\"},{\"@type\":\"ListItem\",\"position\":3,\"name\":\"POWER EYE LIFTING Serum\"}]},{\"@type\":\"WebSite\",\"@id\":\"https:\/\/theone-personalcare.de\/#website\",\"url\":\"https:\/\/theone-personalcare.de\/\",\"name\":\"TheONE personal care Germany\/Austria\",\"description\":\"your perfect MATCH to success\",\"publisher\":{\"@id\":\"https:\/\/theone-personalcare.de\/#organization\"},\"potentialAction\":[{\"@type\":\"SearchAction\",\"target\":{\"@type\":\"EntryPoint\",\"urlTemplate\":\"https:\/\/theone-personalcare.de\/?s={search_term_string}\"},\"query-input\":{\"@type\":\"PropertyValueSpecification\",\"valueRequired\":true,\"valueName\":\"search_term_string\"}}],\"inLanguage\":\"en-US\"},{\"@type\":\"Organization\",\"@id\":\"https:\/\/theone-personalcare.de\/#organization\",\"name\":\"TheONE personalcare Germany Austria\",\"url\":\"https:\/\/theone-personalcare.de\/\",\"logo\":{\"@type\":\"ImageObject\",\"inLanguage\":\"en-US\",\"@id\":\"https:\/\/theone-personalcare.de\/#\/schema\/logo\/image\/\",\"url\":\"https:\/\/mlhm3jpaxkql.i.optimole.com\/w:auto\/h:auto\/q:mauto\/f:best\/https:\/\/theone-personalcare.de\/wp-content\/uploads\/2022\/04\/TheONEyourperfectmatchtosuccess.webp\",\"contentUrl\":\"https:\/\/mlhm3jpaxkql.i.optimole.com\/w:auto\/h:auto\/q:mauto\/f:best\/https:\/\/theone-personalcare.de\/wp-content\/uploads\/2022\/04\/TheONEyourperfectmatchtosuccess.webp\",\"width\":1080,\"height\":1080,\"caption\":\"TheONE personalcare Germany Austria\"},\"image\":{\"@id\":\"https:\/\/theone-personalcare.de\/#\/schema\/logo\/image\/\"},\"sameAs\":[\"https:\/\/www.facebook.com\/The-ONE-your-perfect-MATCH-to-success-Germany-Austria-109913571689332\",\"https:\/\/www.instagram.com\/theone_personalcare_germany\/\"]}]}<\/script>\n<!-- \/ Yoast SEO plugin. -->","yoast_head_json":{"title":"POWER EYE LIFTING Serum - TheONE personal care Germany\/Austria","description":"POWER EYE LIFTING Serum Preisgekr\u00f6nter Wirkstoff mit lifting Wirkung, AWARD WINNER in seiner Wirksamkeit zur VERJ\u00dcNGUNG der Augenpartie","robots":{"index":"index","follow":"follow","max-snippet":"max-snippet:-1","max-image-preview":"max-image-preview:large","max-video-preview":"max-video-preview:-1"},"canonical":"https:\/\/theone-personalcare.de\/en\/product\/power-eye-lifting-serum\/","og_locale":"en_US","og_type":"article","og_title":"POWER EYE LIFTING Serum - TheONE personal care Germany\/Austria","og_description":"POWER EYE LIFTING Serum Preisgekr\u00f6nter Wirkstoff mit lifting Wirkung, AWARD WINNER in seiner Wirksamkeit zur VERJ\u00dcNGUNG der Augenpartie","og_url":"https:\/\/theone-personalcare.de\/en\/product\/power-eye-lifting-serum\/","og_site_name":"TheONE personal care Germany\/Austria","article_publisher":"https:\/\/www.facebook.com\/The-ONE-your-perfect-MATCH-to-success-Germany-Austria-109913571689332","article_modified_time":"2026-04-08T21:26:02+00:00","og_image":[{"width":1080,"height":1080,"url":"https:\/\/mlhm3jpaxkql.i.optimole.com\/w:auto\/h:auto\/q:mauto\/f:best\/https:\/\/theone-personalcare.de\/wp-content\/uploads\/2025\/03\/eyeserum_.jpg","type":"image\/jpeg"}],"twitter_card":"summary_large_image","twitter_misc":{"Est. reading time":"1 minute"},"schema":{"@context":"https:\/\/schema.org","@graph":[{"@type":"WebPage","@id":"https:\/\/theone-personalcare.de\/produkt\/power-eye-lifting-serum\/","url":"https:\/\/theone-personalcare.de\/produkt\/power-eye-lifting-serum\/","name":"POWER EYE LIFTING Serum - TheONE personal care Germany\/Austria","isPartOf":{"@id":"https:\/\/theone-personalcare.de\/#website"},"primaryImageOfPage":{"@id":"https:\/\/theone-personalcare.de\/produkt\/power-eye-lifting-serum\/#primaryimage"},"image":{"@id":"https:\/\/theone-personalcare.de\/produkt\/power-eye-lifting-serum\/#primaryimage"},"thumbnailUrl":"https:\/\/mlhm3jpaxkql.i.optimole.com\/w:auto\/h:auto\/q:mauto\/f:best\/https:\/\/theone-personalcare.de\/wp-content\/uploads\/2025\/03\/eyeserum_.jpg","datePublished":"2025-03-12T00:05:22+00:00","dateModified":"2026-04-08T21:26:02+00:00","description":"POWER EYE LIFTING Serum Preisgekr\u00f6nter Wirkstoff mit lifting Wirkung, AWARD WINNER in seiner Wirksamkeit zur VERJ\u00dcNGUNG der Augenpartie","breadcrumb":{"@id":"https:\/\/theone-personalcare.de\/produkt\/power-eye-lifting-serum\/#breadcrumb"},"inLanguage":"en-US","potentialAction":[{"@type":"ReadAction","target":["https:\/\/theone-personalcare.de\/produkt\/power-eye-lifting-serum\/"]}]},{"@type":"ImageObject","inLanguage":"en-US","@id":"https:\/\/theone-personalcare.de\/produkt\/power-eye-lifting-serum\/#primaryimage","url":"https:\/\/mlhm3jpaxkql.i.optimole.com\/w:auto\/h:auto\/q:mauto\/f:best\/https:\/\/theone-personalcare.de\/wp-content\/uploads\/2025\/03\/eyeserum_.jpg","contentUrl":"https:\/\/mlhm3jpaxkql.i.optimole.com\/w:auto\/h:auto\/q:mauto\/f:best\/https:\/\/theone-personalcare.de\/wp-content\/uploads\/2025\/03\/eyeserum_.jpg","width":1080,"height":1080},{"@type":"BreadcrumbList","@id":"https:\/\/theone-personalcare.de\/produkt\/power-eye-lifting-serum\/#breadcrumb","itemListElement":[{"@type":"ListItem","position":1,"name":"Startseite","item":"https:\/\/theone-personalcare.de\/"},{"@type":"ListItem","position":2,"name":"Shop","item":"https:\/\/theone-personalcare.de\/shop\/"},{"@type":"ListItem","position":3,"name":"POWER EYE LIFTING Serum"}]},{"@type":"WebSite","@id":"https:\/\/theone-personalcare.de\/#website","url":"https:\/\/theone-personalcare.de\/","name":"TheONE personal care Germany\/Austria","description":"your perfect MATCH to success","publisher":{"@id":"https:\/\/theone-personalcare.de\/#organization"},"potentialAction":[{"@type":"SearchAction","target":{"@type":"EntryPoint","urlTemplate":"https:\/\/theone-personalcare.de\/?s={search_term_string}"},"query-input":{"@type":"PropertyValueSpecification","valueRequired":true,"valueName":"search_term_string"}}],"inLanguage":"en-US"},{"@type":"Organization","@id":"https:\/\/theone-personalcare.de\/#organization","name":"TheONE personalcare Germany Austria","url":"https:\/\/theone-personalcare.de\/","logo":{"@type":"ImageObject","inLanguage":"en-US","@id":"https:\/\/theone-personalcare.de\/#\/schema\/logo\/image\/","url":"https:\/\/mlhm3jpaxkql.i.optimole.com\/w:auto\/h:auto\/q:mauto\/f:best\/https:\/\/theone-personalcare.de\/wp-content\/uploads\/2022\/04\/TheONEyourperfectmatchtosuccess.webp","contentUrl":"https:\/\/mlhm3jpaxkql.i.optimole.com\/w:auto\/h:auto\/q:mauto\/f:best\/https:\/\/theone-personalcare.de\/wp-content\/uploads\/2022\/04\/TheONEyourperfectmatchtosuccess.webp","width":1080,"height":1080,"caption":"TheONE personalcare Germany Austria"},"image":{"@id":"https:\/\/theone-personalcare.de\/#\/schema\/logo\/image\/"},"sameAs":["https:\/\/www.facebook.com\/The-ONE-your-perfect-MATCH-to-success-Germany-Austria-109913571689332","https:\/\/www.instagram.com\/theone_personalcare_germany\/"]}]}},"_links":{"self":[{"href":"https:\/\/theone-personalcare.de\/en\/wp-json\/wp\/v2\/product\/4312","targetHints":{"allow":["GET"]}}],"collection":[{"href":"https:\/\/theone-personalcare.de\/en\/wp-json\/wp\/v2\/product"}],"about":[{"href":"https:\/\/theone-personalcare.de\/en\/wp-json\/wp\/v2\/types\/product"}],"replies":[{"embeddable":true,"href":"https:\/\/theone-personalcare.de\/en\/wp-json\/wp\/v2\/comments?post=4312"}],"wp:featuredmedia":[{"embeddable":true,"href":"https:\/\/theone-personalcare.de\/en\/wp-json\/wp\/v2\/media\/4313"}],"wp:attachment":[{"href":"https:\/\/theone-personalcare.de\/en\/wp-json\/wp\/v2\/media?parent=4312"}],"wp:term":[{"taxonomy":"product_brand","embeddable":true,"href":"https:\/\/theone-personalcare.de\/en\/wp-json\/wp\/v2\/product_brand?post=4312"},{"taxonomy":"product_cat","embeddable":true,"href":"https:\/\/theone-personalcare.de\/en\/wp-json\/wp\/v2\/product_cat?post=4312"},{"taxonomy":"product_tag","embeddable":true,"href":"https:\/\/theone-personalcare.de\/en\/wp-json\/wp\/v2\/product_tag?post=4312"}],"curies":[{"name":"wp","href":"https:\/\/api.w.org\/{rel}","templated":true}]}}