{"id":2869,"date":"2023-07-05T16:32:14","date_gmt":"2023-07-05T16:32:14","guid":{"rendered":"https:\/\/theone-personalcare.de\/?post_type=product&#038;p=2869"},"modified":"2025-09-13T07:47:32","modified_gmt":"2025-09-13T07:47:32","slug":"joyskin","status":"publish","type":"product","link":"https:\/\/theone-personalcare.de\/en\/product\/joyskin\/","title":{"rendered":"JOYSKIN"},"content":{"rendered":"<p><img data-opt-id=1482265588  loading=\"eager\" fetchpriority=\"high\" decoding=\"async\" class=\"wp-image-2878 aligncenter\" src=\"https:\/\/mlhm3jpaxkql.i.optimole.com\/w:300\/h:169\/q:mauto\/f:best\/https:\/\/theone-personalcare.de\/wp-content\/uploads\/2023\/07\/Better-Life.jpg\" alt=\"\" width=\"944\" height=\"532\" srcset=\"https:\/\/mlhm3jpaxkql.i.optimole.com\/w:300\/h:169\/q:mauto\/f:best\/https:\/\/theone-personalcare.de\/wp-content\/uploads\/2023\/07\/Better-Life.jpg 300w, https:\/\/mlhm3jpaxkql.i.optimole.com\/w:1024\/h:576\/q:mauto\/f:best\/https:\/\/theone-personalcare.de\/wp-content\/uploads\/2023\/07\/Better-Life.jpg 1024w, https:\/\/mlhm3jpaxkql.i.optimole.com\/w:768\/h:432\/q:mauto\/f:best\/https:\/\/theone-personalcare.de\/wp-content\/uploads\/2023\/07\/Better-Life.jpg 768w, https:\/\/mlhm3jpaxkql.i.optimole.com\/w:18\/h:10\/q:mauto\/f:best\/https:\/\/theone-personalcare.de\/wp-content\/uploads\/2023\/07\/Better-Life.jpg 18w, https:\/\/mlhm3jpaxkql.i.optimole.com\/w:800\/h:450\/q:mauto\/f:best\/https:\/\/theone-personalcare.de\/wp-content\/uploads\/2023\/07\/Better-Life.jpg 800w, https:\/\/mlhm3jpaxkql.i.optimole.com\/w:600\/h:338\/q:mauto\/f:best\/https:\/\/theone-personalcare.de\/wp-content\/uploads\/2023\/07\/Better-Life.jpg 600w, https:\/\/mlhm3jpaxkql.i.optimole.com\/w:1280\/h:720\/q:mauto\/f:best\/https:\/\/theone-personalcare.de\/wp-content\/uploads\/2023\/07\/Better-Life.jpg 1280w\" sizes=\"(max-width: 944px) 100vw, 944px\" \/><\/p>\n<p><strong>Application\u00a0<\/strong><\/p>\n<p><img data-opt-id=450099588  fetchpriority=\"high\" loading=\"eager\" decoding=\"async\" class=\"wp-image-2876 alignleft\" src=\"https:\/\/mlhm3jpaxkql.i.optimole.com\/w:300\/h:300\/q:mauto\/rt:fill\/g:ce\/f:best\/https:\/\/theone-personalcare.de\/wp-content\/uploads\/2023\/07\/Joyskin-application-600x600-1.jpg\" alt=\"\" width=\"385\" height=\"385\" srcset=\"https:\/\/mlhm3jpaxkql.i.optimole.com\/w:300\/h:300\/q:mauto\/f:best\/https:\/\/theone-personalcare.de\/wp-content\/uploads\/2023\/07\/Joyskin-application-600x600-1.jpg 300w, https:\/\/mlhm3jpaxkql.i.optimole.com\/w:150\/h:150\/q:mauto\/f:best\/https:\/\/theone-personalcare.de\/wp-content\/uploads\/2023\/07\/Joyskin-application-600x600-1.jpg 150w, https:\/\/mlhm3jpaxkql.i.optimole.com\/w:12\/h:12\/q:mauto\/f:best\/https:\/\/theone-personalcare.de\/wp-content\/uploads\/2023\/07\/Joyskin-application-600x600-1.jpg 12w, https:\/\/mlhm3jpaxkql.i.optimole.com\/w:100\/h:100\/q:mauto\/f:best\/https:\/\/theone-personalcare.de\/wp-content\/uploads\/2023\/07\/Joyskin-application-600x600-1.jpg 100w, https:\/\/mlhm3jpaxkql.i.optimole.com\/w:600\/h:600\/q:mauto\/f:best\/https:\/\/theone-personalcare.de\/wp-content\/uploads\/2023\/07\/Joyskin-application-600x600-1.jpg 600w\" sizes=\"(max-width: 385px) 100vw, 385px\" \/><\/p>\n<p>TheONE JOYSKIN<\/p>\n<p><span class=\"Y2IQFc\" lang=\"de\">Tragen Sie morgens 1\u20132 Pumpst\u00f6\u00dfe JOYSKIN gleichm\u00e4\u00dfig auf Gesicht, Hals und Dekollet\u00e9 auf.<\/span><\/p>\n<p>JOYSKIN es <span class=\"Y2IQFc\" lang=\"de\">l\u00e4sst Sie nicht nur gut aussehen, sondern sorgt auch daf\u00fcr, dass Sie sich gut f\u00fchlen.<\/span><\/p>\n<p>&nbsp;<\/p>\n<h6>Active Heroes INCI: timur green vegetal\u00a0<span class=\"WdYUQQ\">Hamamelis virginiana leaf extract, sodium hyaluronate,nicotina benthamiana hexapeptide-40 sh polypeptide-47,cimicifuga racemosa root extract, vitis vinifera fruit cell extract.<\/span><\/h6>\n<p>&nbsp;<\/p>\n<p>&nbsp;<\/p>\n<p>&nbsp;<\/p>\n<p><span class=\"Y2IQFc\" lang=\"de\">Wer kennt es nicht? Ein Tag voller Meetings, arbeiten von morgens bis abends, ein kurzer Einkaufsbummel nach der Arbeit und zu Hause wartet Ihre Familie. Es bleibt keine Zeit zum Entspannen. <strong>Doch genau das braucht unser K\u00f6rper, unsere Seele und unsere Haut.<\/strong><\/span><\/p>\n<p>&nbsp;<\/p>\n<blockquote><p><span class=\"Y2IQFc\" lang=\"de\">Mit JOYSKIN sehen Sie nicht nur gut aus, Sie <strong>f\u00fchlen sich auch um bis zu 50 % wohler<\/strong>. Unterst\u00fctzt das emotionale Wohlbefinden<\/span><\/p><\/blockquote>\n<p>&nbsp;<\/p>\n<p><strong><span class=\"Y2IQFc\" lang=\"de\">In klinischen Studien die Wirkung best\u00e4tigt. JOYSKIN ist ein gr\u00fcner, preisgekr\u00f6nter Wirkstoff, der Ihrer Haut hilft, j\u00fcnger auszusehen.<\/span><\/strong><\/p>\n<p>&nbsp;<\/p>\n<p><img data-opt-id=1544190872  fetchpriority=\"high\" loading=\"eager\" decoding=\"async\" class=\"wp-image-2877 aligncenter\" src=\"https:\/\/mlhm3jpaxkql.i.optimole.com\/w:300\/h:78\/q:mauto\/f:best\/https:\/\/theone-personalcare.de\/wp-content\/uploads\/2023\/07\/naturejoyskin-1024x266-1.jpg\" alt=\"\" width=\"892\" height=\"232\" srcset=\"https:\/\/mlhm3jpaxkql.i.optimole.com\/w:300\/h:78\/q:mauto\/f:best\/https:\/\/theone-personalcare.de\/wp-content\/uploads\/2023\/07\/naturejoyskin-1024x266-1.jpg 300w, https:\/\/mlhm3jpaxkql.i.optimole.com\/w:768\/h:200\/q:mauto\/f:best\/https:\/\/theone-personalcare.de\/wp-content\/uploads\/2023\/07\/naturejoyskin-1024x266-1.jpg 768w, https:\/\/mlhm3jpaxkql.i.optimole.com\/w:18\/h:5\/q:mauto\/f:best\/https:\/\/theone-personalcare.de\/wp-content\/uploads\/2023\/07\/naturejoyskin-1024x266-1.jpg 18w, https:\/\/mlhm3jpaxkql.i.optimole.com\/w:600\/h:156\/q:mauto\/f:best\/https:\/\/theone-personalcare.de\/wp-content\/uploads\/2023\/07\/naturejoyskin-1024x266-1.jpg 600w, https:\/\/mlhm3jpaxkql.i.optimole.com\/w:1024\/h:266\/q:mauto\/f:best\/https:\/\/theone-personalcare.de\/wp-content\/uploads\/2023\/07\/naturejoyskin-1024x266-1.jpg 1024w\" sizes=\"(max-width: 892px) 100vw, 892px\" \/><\/p>","protected":false},"excerpt":{"rendered":"<p><span style=\"color: #808080;\">100ml<\/span><\/p>\n<p><span class=\"Y2IQFc\" lang=\"de\">IHRE HAUT SIEHT J\u00dcNGER AUS \u2013 TheONE JOYSKIN ist ein gr\u00fcner, preisgekr\u00f6nter Wirkstoff, der Ihrer Haut hilft, j\u00fcnger auszusehen <\/span><\/p>\n<ul>\n<li><span class=\"Y2IQFc\" lang=\"de\"><strong>+50 %<\/strong> AKTIVE POSITIVE STIMMUNG <\/span><\/li>\n<li><span class=\"Y2IQFc\" lang=\"de\">STIMMUNGSAUFHELLEND<\/span><\/li>\n<li><span class=\"Y2IQFc\" lang=\"de\">Bringt Gleichgewicht in Ihr Leben\u00a0<\/span><\/li>\n<li><span class=\"Y2IQFc\" lang=\"de\"><strong>-50 %<\/strong> WENIGER negative Stimmung <\/span><\/li>\n<li><span class=\"Y2IQFc\" lang=\"de\">REDUZIERUNG von emotionalem STRESS <\/span><\/li>\n<li><span class=\"Y2IQFc\" lang=\"de\">Reduziert Kr\u00e4henf\u00fc\u00dfe um 28,4 % und 24 % weniger Nasolabialfalten <\/span><\/li>\n<li><span class=\"Y2IQFc\" lang=\"de\">KOLLAGEN AUFBAU <\/span><\/li>\n<li>FALTEN AUFPOLSTERUNG<\/li>\n<li><span class=\"Y2IQFc\" lang=\"de\">Anti-Aging FRISCHE und J\u00dcNGERE HAUT<\/span><\/li>\n<\/ul>","protected":false},"featured_media":2880,"comment_status":"open","ping_status":"closed","template":"","meta":{"ocean_post_layout":"full-width","ocean_both_sidebars_style":"","ocean_both_sidebars_content_width":0,"ocean_both_sidebars_sidebars_width":0,"ocean_sidebar":"0","ocean_second_sidebar":"0","ocean_disable_margins":"enable","ocean_add_body_class":"","ocean_shortcode_before_top_bar":"","ocean_shortcode_after_top_bar":"","ocean_shortcode_before_header":"","ocean_shortcode_after_header":"","ocean_has_shortcode":"","ocean_shortcode_after_title":"","ocean_shortcode_before_footer_widgets":"","ocean_shortcode_after_footer_widgets":"","ocean_shortcode_before_footer_bottom":"","ocean_shortcode_after_footer_bottom":"","ocean_display_top_bar":"default","ocean_display_header":"default","ocean_header_style":"","ocean_center_header_left_menu":"0","ocean_custom_header_template":"0","ocean_custom_logo":0,"ocean_custom_retina_logo":0,"ocean_custom_logo_max_width":0,"ocean_custom_logo_tablet_max_width":0,"ocean_custom_logo_mobile_max_width":0,"ocean_custom_logo_max_height":0,"ocean_custom_logo_tablet_max_height":0,"ocean_custom_logo_mobile_max_height":0,"ocean_header_custom_menu":"0","ocean_menu_typo_font_family":"0","ocean_menu_typo_font_subset":"","ocean_menu_typo_font_size":0,"ocean_menu_typo_font_size_tablet":0,"ocean_menu_typo_font_size_mobile":0,"ocean_menu_typo_font_size_unit":"px","ocean_menu_typo_font_weight":"","ocean_menu_typo_font_weight_tablet":"","ocean_menu_typo_font_weight_mobile":"","ocean_menu_typo_transform":"","ocean_menu_typo_transform_tablet":"","ocean_menu_typo_transform_mobile":"","ocean_menu_typo_line_height":0,"ocean_menu_typo_line_height_tablet":0,"ocean_menu_typo_line_height_mobile":0,"ocean_menu_typo_line_height_unit":"","ocean_menu_typo_spacing":0,"ocean_menu_typo_spacing_tablet":0,"ocean_menu_typo_spacing_mobile":0,"ocean_menu_typo_spacing_unit":"","ocean_menu_link_color":"","ocean_menu_link_color_hover":"","ocean_menu_link_color_active":"","ocean_menu_link_background":"","ocean_menu_link_hover_background":"","ocean_menu_link_active_background":"","ocean_menu_social_links_bg":"","ocean_menu_social_hover_links_bg":"","ocean_menu_social_links_color":"","ocean_menu_social_hover_links_color":"","ocean_disable_title":"on","ocean_disable_heading":"default","ocean_post_title":"","ocean_post_subheading":"","ocean_post_title_style":"","ocean_post_title_background_color":"","ocean_post_title_background":0,"ocean_post_title_bg_image_position":"","ocean_post_title_bg_image_attachment":"","ocean_post_title_bg_image_repeat":"","ocean_post_title_bg_image_size":"","ocean_post_title_height":0,"ocean_post_title_bg_overlay":0.5,"ocean_post_title_bg_overlay_color":"","ocean_disable_breadcrumbs":"default","ocean_breadcrumbs_color":"","ocean_breadcrumbs_separator_color":"","ocean_breadcrumbs_links_color":"","ocean_breadcrumbs_links_hover_color":"","ocean_display_footer_widgets":"default","ocean_display_footer_bottom":"default","ocean_custom_footer_template":"0"},"product_brand":[],"product_cat":[22],"product_tag":[],"class_list":{"0":"post-2869","1":"product","2":"type-product","3":"status-publish","4":"has-post-thumbnail","6":"product_cat-joyskin","8":"entry","9":"has-media","11":"first","12":"instock","13":"taxable","14":"shipping-taxable","15":"purchasable","16":"product-type-simple","17":"has-product-nav","18":"col","19":"span_1_of_3","20":"owp-content-center","21":"owp-thumbs-layout-vertical","22":"owp-btn-normal","23":"owp-tabs-layout-horizontal","24":"has-no-thumbnails"},"yoast_head":"<!-- This site is optimized with the Yoast SEO plugin v25.4 - https:\/\/yoast.com\/wordpress\/plugins\/seo\/ -->\n<title>JOYSKIN - TheONE personal care Germany\/Austria<\/title>\n<meta name=\"description\" content=\"IHRE HAUT SIEHT J\u00dcNGER AUS \u2013 TheONE JOYSKIN ist ein gr\u00fcner, preisgekr\u00f6nter Wirkstoff, der Ihrer Haut hilft, j\u00fcnger auszusehen\" \/>\n<meta name=\"robots\" content=\"index, follow, max-snippet:-1, max-image-preview:large, max-video-preview:-1\" \/>\n<link rel=\"canonical\" href=\"https:\/\/theone-personalcare.de\/en\/product\/joyskin\/\" \/>\n<meta property=\"og:locale\" content=\"en_US\" \/>\n<meta property=\"og:type\" content=\"article\" \/>\n<meta property=\"og:title\" content=\"JOYSKIN - TheONE personal care Germany\/Austria\" \/>\n<meta property=\"og:description\" content=\"IHRE HAUT SIEHT J\u00dcNGER AUS \u2013 TheONE JOYSKIN ist ein gr\u00fcner, preisgekr\u00f6nter Wirkstoff, der Ihrer Haut hilft, j\u00fcnger auszusehen\" \/>\n<meta property=\"og:url\" content=\"https:\/\/theone-personalcare.de\/en\/product\/joyskin\/\" \/>\n<meta property=\"og:site_name\" content=\"TheONE personal care Germany\/Austria\" \/>\n<meta property=\"article:publisher\" content=\"https:\/\/www.facebook.com\/The-ONE-your-perfect-MATCH-to-success-Germany-Austria-109913571689332\" \/>\n<meta property=\"article:modified_time\" content=\"2025-09-13T07:47:32+00:00\" \/>\n<meta property=\"og:image\" content=\"https:\/\/mlhm3jpaxkql.i.optimole.com\/w:auto\/h:auto\/q:mauto\/f:best\/https:\/\/theone-personalcare.de\/wp-content\/uploads\/2023\/07\/JOYSKIN-1-1.jpg\" \/>\n\t<meta property=\"og:image:width\" content=\"1080\" \/>\n\t<meta property=\"og:image:height\" content=\"1080\" \/>\n\t<meta property=\"og:image:type\" content=\"image\/jpeg\" \/>\n<meta name=\"twitter:card\" content=\"summary_large_image\" \/>\n<meta name=\"twitter:label1\" content=\"Est. reading time\" \/>\n\t<meta name=\"twitter:data1\" content=\"1 minute\" \/>\n<script type=\"application\/ld+json\" class=\"yoast-schema-graph\">{\"@context\":\"https:\/\/schema.org\",\"@graph\":[{\"@type\":\"WebPage\",\"@id\":\"https:\/\/theone-personalcare.de\/produkt\/joyskin\/\",\"url\":\"https:\/\/theone-personalcare.de\/produkt\/joyskin\/\",\"name\":\"JOYSKIN - TheONE personal care Germany\/Austria\",\"isPartOf\":{\"@id\":\"https:\/\/theone-personalcare.de\/#website\"},\"primaryImageOfPage\":{\"@id\":\"https:\/\/theone-personalcare.de\/produkt\/joyskin\/#primaryimage\"},\"image\":{\"@id\":\"https:\/\/theone-personalcare.de\/produkt\/joyskin\/#primaryimage\"},\"thumbnailUrl\":\"https:\/\/mlhm3jpaxkql.i.optimole.com\/w:auto\/h:auto\/q:mauto\/f:best\/https:\/\/theone-personalcare.de\/wp-content\/uploads\/2023\/07\/JOYSKIN-1-1.jpg\",\"datePublished\":\"2023-07-05T16:32:14+00:00\",\"dateModified\":\"2025-09-13T07:47:32+00:00\",\"description\":\"IHRE HAUT SIEHT J\u00dcNGER AUS \u2013 TheONE JOYSKIN ist ein gr\u00fcner, preisgekr\u00f6nter Wirkstoff, der Ihrer Haut hilft, j\u00fcnger auszusehen\",\"breadcrumb\":{\"@id\":\"https:\/\/theone-personalcare.de\/produkt\/joyskin\/#breadcrumb\"},\"inLanguage\":\"en-US\",\"potentialAction\":[{\"@type\":\"ReadAction\",\"target\":[\"https:\/\/theone-personalcare.de\/produkt\/joyskin\/\"]}]},{\"@type\":\"ImageObject\",\"inLanguage\":\"en-US\",\"@id\":\"https:\/\/theone-personalcare.de\/produkt\/joyskin\/#primaryimage\",\"url\":\"https:\/\/mlhm3jpaxkql.i.optimole.com\/w:auto\/h:auto\/q:mauto\/f:best\/https:\/\/theone-personalcare.de\/wp-content\/uploads\/2023\/07\/JOYSKIN-1-1.jpg\",\"contentUrl\":\"https:\/\/mlhm3jpaxkql.i.optimole.com\/w:auto\/h:auto\/q:mauto\/f:best\/https:\/\/theone-personalcare.de\/wp-content\/uploads\/2023\/07\/JOYSKIN-1-1.jpg\",\"width\":1080,\"height\":1080},{\"@type\":\"BreadcrumbList\",\"@id\":\"https:\/\/theone-personalcare.de\/produkt\/joyskin\/#breadcrumb\",\"itemListElement\":[{\"@type\":\"ListItem\",\"position\":1,\"name\":\"Startseite\",\"item\":\"https:\/\/theone-personalcare.de\/\"},{\"@type\":\"ListItem\",\"position\":2,\"name\":\"Shop\",\"item\":\"https:\/\/theone-personalcare.de\/shop\/\"},{\"@type\":\"ListItem\",\"position\":3,\"name\":\"JOYSKIN\"}]},{\"@type\":\"WebSite\",\"@id\":\"https:\/\/theone-personalcare.de\/#website\",\"url\":\"https:\/\/theone-personalcare.de\/\",\"name\":\"TheONE personal care Germany\/Austria\",\"description\":\"your perfect MATCH to success\",\"publisher\":{\"@id\":\"https:\/\/theone-personalcare.de\/#organization\"},\"potentialAction\":[{\"@type\":\"SearchAction\",\"target\":{\"@type\":\"EntryPoint\",\"urlTemplate\":\"https:\/\/theone-personalcare.de\/?s={search_term_string}\"},\"query-input\":{\"@type\":\"PropertyValueSpecification\",\"valueRequired\":true,\"valueName\":\"search_term_string\"}}],\"inLanguage\":\"en-US\"},{\"@type\":\"Organization\",\"@id\":\"https:\/\/theone-personalcare.de\/#organization\",\"name\":\"TheONE personalcare Germany Austria\",\"url\":\"https:\/\/theone-personalcare.de\/\",\"logo\":{\"@type\":\"ImageObject\",\"inLanguage\":\"en-US\",\"@id\":\"https:\/\/theone-personalcare.de\/#\/schema\/logo\/image\/\",\"url\":\"https:\/\/mlhm3jpaxkql.i.optimole.com\/w:auto\/h:auto\/q:mauto\/f:best\/https:\/\/theone-personalcare.de\/wp-content\/uploads\/2022\/04\/TheONEyourperfectmatchtosuccess.webp\",\"contentUrl\":\"https:\/\/mlhm3jpaxkql.i.optimole.com\/w:auto\/h:auto\/q:mauto\/f:best\/https:\/\/theone-personalcare.de\/wp-content\/uploads\/2022\/04\/TheONEyourperfectmatchtosuccess.webp\",\"width\":1080,\"height\":1080,\"caption\":\"TheONE personalcare Germany Austria\"},\"image\":{\"@id\":\"https:\/\/theone-personalcare.de\/#\/schema\/logo\/image\/\"},\"sameAs\":[\"https:\/\/www.facebook.com\/The-ONE-your-perfect-MATCH-to-success-Germany-Austria-109913571689332\",\"https:\/\/www.instagram.com\/theone_personalcare_germany\/\"]}]}<\/script>\n<!-- \/ Yoast SEO plugin. -->","yoast_head_json":{"title":"JOYSKIN - TheONE personal care Germany\/Austria","description":"IHRE HAUT SIEHT J\u00dcNGER AUS \u2013 TheONE JOYSKIN ist ein gr\u00fcner, preisgekr\u00f6nter Wirkstoff, der Ihrer Haut hilft, j\u00fcnger auszusehen","robots":{"index":"index","follow":"follow","max-snippet":"max-snippet:-1","max-image-preview":"max-image-preview:large","max-video-preview":"max-video-preview:-1"},"canonical":"https:\/\/theone-personalcare.de\/en\/product\/joyskin\/","og_locale":"en_US","og_type":"article","og_title":"JOYSKIN - TheONE personal care Germany\/Austria","og_description":"IHRE HAUT SIEHT J\u00dcNGER AUS \u2013 TheONE JOYSKIN ist ein gr\u00fcner, preisgekr\u00f6nter Wirkstoff, der Ihrer Haut hilft, j\u00fcnger auszusehen","og_url":"https:\/\/theone-personalcare.de\/en\/product\/joyskin\/","og_site_name":"TheONE personal care Germany\/Austria","article_publisher":"https:\/\/www.facebook.com\/The-ONE-your-perfect-MATCH-to-success-Germany-Austria-109913571689332","article_modified_time":"2025-09-13T07:47:32+00:00","og_image":[{"width":1080,"height":1080,"url":"https:\/\/mlhm3jpaxkql.i.optimole.com\/w:auto\/h:auto\/q:mauto\/f:best\/https:\/\/theone-personalcare.de\/wp-content\/uploads\/2023\/07\/JOYSKIN-1-1.jpg","type":"image\/jpeg"}],"twitter_card":"summary_large_image","twitter_misc":{"Est. reading time":"1 minute"},"schema":{"@context":"https:\/\/schema.org","@graph":[{"@type":"WebPage","@id":"https:\/\/theone-personalcare.de\/produkt\/joyskin\/","url":"https:\/\/theone-personalcare.de\/produkt\/joyskin\/","name":"JOYSKIN - TheONE personal care Germany\/Austria","isPartOf":{"@id":"https:\/\/theone-personalcare.de\/#website"},"primaryImageOfPage":{"@id":"https:\/\/theone-personalcare.de\/produkt\/joyskin\/#primaryimage"},"image":{"@id":"https:\/\/theone-personalcare.de\/produkt\/joyskin\/#primaryimage"},"thumbnailUrl":"https:\/\/mlhm3jpaxkql.i.optimole.com\/w:auto\/h:auto\/q:mauto\/f:best\/https:\/\/theone-personalcare.de\/wp-content\/uploads\/2023\/07\/JOYSKIN-1-1.jpg","datePublished":"2023-07-05T16:32:14+00:00","dateModified":"2025-09-13T07:47:32+00:00","description":"IHRE HAUT SIEHT J\u00dcNGER AUS \u2013 TheONE JOYSKIN ist ein gr\u00fcner, preisgekr\u00f6nter Wirkstoff, der Ihrer Haut hilft, j\u00fcnger auszusehen","breadcrumb":{"@id":"https:\/\/theone-personalcare.de\/produkt\/joyskin\/#breadcrumb"},"inLanguage":"en-US","potentialAction":[{"@type":"ReadAction","target":["https:\/\/theone-personalcare.de\/produkt\/joyskin\/"]}]},{"@type":"ImageObject","inLanguage":"en-US","@id":"https:\/\/theone-personalcare.de\/produkt\/joyskin\/#primaryimage","url":"https:\/\/mlhm3jpaxkql.i.optimole.com\/w:auto\/h:auto\/q:mauto\/f:best\/https:\/\/theone-personalcare.de\/wp-content\/uploads\/2023\/07\/JOYSKIN-1-1.jpg","contentUrl":"https:\/\/mlhm3jpaxkql.i.optimole.com\/w:auto\/h:auto\/q:mauto\/f:best\/https:\/\/theone-personalcare.de\/wp-content\/uploads\/2023\/07\/JOYSKIN-1-1.jpg","width":1080,"height":1080},{"@type":"BreadcrumbList","@id":"https:\/\/theone-personalcare.de\/produkt\/joyskin\/#breadcrumb","itemListElement":[{"@type":"ListItem","position":1,"name":"Startseite","item":"https:\/\/theone-personalcare.de\/"},{"@type":"ListItem","position":2,"name":"Shop","item":"https:\/\/theone-personalcare.de\/shop\/"},{"@type":"ListItem","position":3,"name":"JOYSKIN"}]},{"@type":"WebSite","@id":"https:\/\/theone-personalcare.de\/#website","url":"https:\/\/theone-personalcare.de\/","name":"TheONE personal care Germany\/Austria","description":"your perfect MATCH to success","publisher":{"@id":"https:\/\/theone-personalcare.de\/#organization"},"potentialAction":[{"@type":"SearchAction","target":{"@type":"EntryPoint","urlTemplate":"https:\/\/theone-personalcare.de\/?s={search_term_string}"},"query-input":{"@type":"PropertyValueSpecification","valueRequired":true,"valueName":"search_term_string"}}],"inLanguage":"en-US"},{"@type":"Organization","@id":"https:\/\/theone-personalcare.de\/#organization","name":"TheONE personalcare Germany Austria","url":"https:\/\/theone-personalcare.de\/","logo":{"@type":"ImageObject","inLanguage":"en-US","@id":"https:\/\/theone-personalcare.de\/#\/schema\/logo\/image\/","url":"https:\/\/mlhm3jpaxkql.i.optimole.com\/w:auto\/h:auto\/q:mauto\/f:best\/https:\/\/theone-personalcare.de\/wp-content\/uploads\/2022\/04\/TheONEyourperfectmatchtosuccess.webp","contentUrl":"https:\/\/mlhm3jpaxkql.i.optimole.com\/w:auto\/h:auto\/q:mauto\/f:best\/https:\/\/theone-personalcare.de\/wp-content\/uploads\/2022\/04\/TheONEyourperfectmatchtosuccess.webp","width":1080,"height":1080,"caption":"TheONE personalcare Germany Austria"},"image":{"@id":"https:\/\/theone-personalcare.de\/#\/schema\/logo\/image\/"},"sameAs":["https:\/\/www.facebook.com\/The-ONE-your-perfect-MATCH-to-success-Germany-Austria-109913571689332","https:\/\/www.instagram.com\/theone_personalcare_germany\/"]}]}},"_links":{"self":[{"href":"https:\/\/theone-personalcare.de\/en\/wp-json\/wp\/v2\/product\/2869","targetHints":{"allow":["GET"]}}],"collection":[{"href":"https:\/\/theone-personalcare.de\/en\/wp-json\/wp\/v2\/product"}],"about":[{"href":"https:\/\/theone-personalcare.de\/en\/wp-json\/wp\/v2\/types\/product"}],"replies":[{"embeddable":true,"href":"https:\/\/theone-personalcare.de\/en\/wp-json\/wp\/v2\/comments?post=2869"}],"wp:featuredmedia":[{"embeddable":true,"href":"https:\/\/theone-personalcare.de\/en\/wp-json\/wp\/v2\/media\/2880"}],"wp:attachment":[{"href":"https:\/\/theone-personalcare.de\/en\/wp-json\/wp\/v2\/media?parent=2869"}],"wp:term":[{"taxonomy":"product_brand","embeddable":true,"href":"https:\/\/theone-personalcare.de\/en\/wp-json\/wp\/v2\/product_brand?post=2869"},{"taxonomy":"product_cat","embeddable":true,"href":"https:\/\/theone-personalcare.de\/en\/wp-json\/wp\/v2\/product_cat?post=2869"},{"taxonomy":"product_tag","embeddable":true,"href":"https:\/\/theone-personalcare.de\/en\/wp-json\/wp\/v2\/product_tag?post=2869"}],"curies":[{"name":"wp","href":"https:\/\/api.w.org\/{rel}","templated":true}]}}