{"id":67,"date":"2022-07-31T17:44:47","date_gmt":"2022-07-31T17:44:47","guid":{"rendered":"https:\/\/theone-personalcare.de\/?page_id=67"},"modified":"2022-07-31T17:50:55","modified_gmt":"2022-07-31T17:50:55","slug":"rueckerstattung_rueckgaben","status":"publish","type":"page","link":"https:\/\/theone-personalcare.de\/en\/rueckerstattung_rueckgaben\/","title":{"rendered":"Refunds and Returns Policy"},"content":{"rendered":"<p>Withdrawal &amp; Returns<\/p>\n\n\n\n<h3 class=\"wp-block-heading\">Right of withdrawal<\/h3>\n\n\n\n<p><strong>I. Right of Withdrawal<\/strong><\/p>\n\n\n\n<p>You have the right to withdraw from this contract within 14 days without giving any reason. The cancellation period is 14 days from the day on which you or a third party named by you who is not the carrier took possession of the last goods.<\/p>\n\n\n\n<p>In order to exercise your right of withdrawal, you must send us (TheONE your perfect MATCH to success \u2013 Aisha Rokovsky, S\u00e4ntisstr. 2a 78462, Konstanz, Germany, email: info[at]theone-personalcare.de) a clear statement (e.g. a with letter sent by post or e-mail) of your decision to withdraw from this contract. <\/p>\n\n\n\n<p><strong>II. Consequences of revocation<\/strong><\/p>\n\n\n\n<p>If you revoke this contract, we have paid you all payments that we have received from you, including the delivery costs (except for the additional costs resulting from the fact that you have chosen a different type of delivery than the cheapest standard delivery offered by us have), immediately and at the latest within 14 days from the day on which we received the notification of your cancellation of this contract. For this repayment, we use the same means of payment that you used in the original transaction, unless something else was expressly agreed with you; under no circumstances will you be charged fees for this repayment<\/p>\n\n\n\n<p>We may refuse repayment until we have received the goods back or until you have provided proof that you have returned the goods, whichever is earlier.<\/p>\n\n\n\n<p>You are only liable for any diminished value of the goods resulting from the handling other than what is necessary to establish the nature, characteristics and functioning of the goods.<\/p>\n\n\n\n<p><strong>B. Special Notices<\/strong><\/p>\n\n\n\n<p>If you finance this contract with a loan and later revoke it, you are no longer bound by the loan contract, provided that both contracts form an economic unit. This is to be assumed in particular if we are your lender at the same time or if your lender uses our cooperation with regard to the financing. If we have already received the loan when the revocation takes effect, your lender shall assume our rights and obligations under the financed contract in relation to you with regard to the legal consequences of the revocation or the return. The latter does not apply if the subject of the present contract is the acquisition of financial instruments (e.g. securities, foreign exchange or derivatives).<br>If you want to avoid a contractual commitment as far as possible, make use of your right of revocation and also revoke the loan agreement if you also have a right of revocation.<\/p>\n\n\n\n<hr class=\"wp-block-separator has-alpha-channel-opacity\"\/>\n\n\n\n<hr class=\"wp-block-separator has-alpha-channel-opacity\"\/>\n\n\n\n<h3 class=\"wp-block-heading\">Returns after revocation and in the event of a complaint<\/h3>\n\n\n\n<p><strong>Please note the following general information for returns:<\/strong><br>Clarification: Observing the instructions is not a prerequisite for the effective exercise of the right of withdrawal in accordance with section \"<strong>Widerruf<\/strong>\u201c.<\/p>\n\n\n\n<p>Please avoid damaging or contaminating the goods. If possible, the goods should be returned to the seller in the original packaging with all accessories. If the original packaging is no longer in your possession, other suitable packaging should be used to ensure adequate protection against transport damage and to avoid any claims for damages due to damage caused by defective packaging.<\/p>\n\n\n\n<p><strong>Please note that we can only refund unopened products!<\/strong><br><a><\/a>If your order included free products, we ask that you return them as well in order to receive a full refund of the purchase price. If you keep parts of the products, we can only give you a partial refund.<\/p>\n\n\n\n<p><strong>Return after cancellation:<\/strong><br>Returns are at your own expense, as unfortunately we cannot reimburse any other postage costs.<\/p>\n\n\n\n<p>Once the package has arrived at the warehouse and has been inspected, we will process the refund.<\/p>\n\n\n\n<p>Please note that the refund will be made via the originally selected payment method, unless otherwise agreed.<\/p>\n\n\n\n<p><strong>Returns in the event of a complaint:<\/strong><\/p>\n\n\n\n<p>If items are damaged (e.g. broken glass) or have other defects, you can of course complain. Please contact our customer service at info@theone-personalcare.de<\/p>","protected":false},"excerpt":{"rendered":"<p>Widerruf &amp; R\u00fccksendungen Widerrufsbelehrung I. Widerrufsrecht Sie haben das Recht, binnen 14 Tagen ohne Angabe von Gr\u00fcnden diesen Vertrag zu widerrufen. Die Widerrufsfrist betr\u00e4gt 14 Tage ab dem Tag an dem Sie oder ein von Ihnen benannter Dritter, der nicht der Bef\u00f6rderer ist, die letzte Ware in Besitz genommen haben bzw. hat. Um Ihr Widerrufsrecht [&hellip;]<\/p>","protected":false},"author":1,"featured_media":0,"parent":0,"menu_order":0,"comment_status":"closed","ping_status":"closed","template":"","meta":{"ocean_post_layout":"","ocean_both_sidebars_style":"","ocean_both_sidebars_content_width":0,"ocean_both_sidebars_sidebars_width":0,"ocean_sidebar":"0","ocean_second_sidebar":"0","ocean_disable_margins":"enable","ocean_add_body_class":"","ocean_shortcode_before_top_bar":"","ocean_shortcode_after_top_bar":"","ocean_shortcode_before_header":"","ocean_shortcode_after_header":"","ocean_has_shortcode":"","ocean_shortcode_after_title":"","ocean_shortcode_before_footer_widgets":"","ocean_shortcode_after_footer_widgets":"","ocean_shortcode_before_footer_bottom":"","ocean_shortcode_after_footer_bottom":"","ocean_display_top_bar":"default","ocean_display_header":"default","ocean_header_style":"","ocean_center_header_left_menu":"0","ocean_custom_header_template":"0","ocean_custom_logo":0,"ocean_custom_retina_logo":0,"ocean_custom_logo_max_width":0,"ocean_custom_logo_tablet_max_width":0,"ocean_custom_logo_mobile_max_width":0,"ocean_custom_logo_max_height":0,"ocean_custom_logo_tablet_max_height":0,"ocean_custom_logo_mobile_max_height":0,"ocean_header_custom_menu":"0","ocean_menu_typo_font_family":"0","ocean_menu_typo_font_subset":"","ocean_menu_typo_font_size":0,"ocean_menu_typo_font_size_tablet":0,"ocean_menu_typo_font_size_mobile":0,"ocean_menu_typo_font_size_unit":"px","ocean_menu_typo_font_weight":"","ocean_menu_typo_font_weight_tablet":"","ocean_menu_typo_font_weight_mobile":"","ocean_menu_typo_transform":"","ocean_menu_typo_transform_tablet":"","ocean_menu_typo_transform_mobile":"","ocean_menu_typo_line_height":0,"ocean_menu_typo_line_height_tablet":0,"ocean_menu_typo_line_height_mobile":0,"ocean_menu_typo_line_height_unit":"","ocean_menu_typo_spacing":0,"ocean_menu_typo_spacing_tablet":0,"ocean_menu_typo_spacing_mobile":0,"ocean_menu_typo_spacing_unit":"","ocean_menu_link_color":"","ocean_menu_link_color_hover":"","ocean_menu_link_color_active":"","ocean_menu_link_background":"","ocean_menu_link_hover_background":"","ocean_menu_link_active_background":"","ocean_menu_social_links_bg":"","ocean_menu_social_hover_links_bg":"","ocean_menu_social_links_color":"","ocean_menu_social_hover_links_color":"","ocean_disable_title":"default","ocean_disable_heading":"default","ocean_post_title":"","ocean_post_subheading":"","ocean_post_title_style":"","ocean_post_title_background_color":"","ocean_post_title_background":0,"ocean_post_title_bg_image_position":"","ocean_post_title_bg_image_attachment":"","ocean_post_title_bg_image_repeat":"","ocean_post_title_bg_image_size":"","ocean_post_title_height":0,"ocean_post_title_bg_overlay":0.5,"ocean_post_title_bg_overlay_color":"","ocean_disable_breadcrumbs":"default","ocean_breadcrumbs_color":"","ocean_breadcrumbs_separator_color":"","ocean_breadcrumbs_links_color":"","ocean_breadcrumbs_links_hover_color":"","ocean_display_footer_widgets":"default","ocean_display_footer_bottom":"default","ocean_custom_footer_template":"0","footnotes":""},"class_list":["post-67","page","type-page","status-publish","hentry","entry","owp-thumbs-layout-vertical","owp-btn-normal","owp-tabs-layout-horizontal","has-no-thumbnails","has-product-nav"],"yoast_head":"<!-- This site is optimized with the Yoast SEO plugin v25.4 - https:\/\/yoast.com\/wordpress\/plugins\/seo\/ -->\n<title>Widerrufsrecht, Richtlinie f\u00fcr R\u00fcckerstattungen und R\u00fcckgaben<\/title>\n<meta name=\"robots\" content=\"index, follow, max-snippet:-1, max-image-preview:large, max-video-preview:-1\" \/>\n<link rel=\"canonical\" href=\"https:\/\/theone-personalcare.de\/en\/rueckerstattung_rueckgaben\/\" \/>\n<meta property=\"og:locale\" content=\"en_US\" \/>\n<meta property=\"og:type\" content=\"article\" \/>\n<meta property=\"og:title\" content=\"Widerrufsrecht, Richtlinie f\u00fcr R\u00fcckerstattungen und R\u00fcckgaben\" \/>\n<meta property=\"og:description\" content=\"Widerruf &amp; R\u00fccksendungen Widerrufsbelehrung I. Widerrufsrecht Sie haben das Recht, binnen 14 Tagen ohne Angabe von Gr\u00fcnden diesen Vertrag zu widerrufen. Die Widerrufsfrist betr\u00e4gt 14 Tage ab dem Tag an dem Sie oder ein von Ihnen benannter Dritter, der nicht der Bef\u00f6rderer ist, die letzte Ware in Besitz genommen haben bzw. hat. Um Ihr Widerrufsrecht [&hellip;]\" \/>\n<meta property=\"og:url\" content=\"https:\/\/theone-personalcare.de\/en\/rueckerstattung_rueckgaben\/\" \/>\n<meta property=\"og:site_name\" content=\"TheONE personal care Germany\/Austria\" \/>\n<meta property=\"article:publisher\" content=\"https:\/\/www.facebook.com\/The-ONE-your-perfect-MATCH-to-success-Germany-Austria-109913571689332\" \/>\n<meta property=\"article:modified_time\" content=\"2022-07-31T17:50:55+00:00\" \/>\n<meta property=\"og:image\" content=\"https:\/\/mlhm3jpaxkql.i.optimole.com\/w:auto\/h:auto\/q:mauto\/f:best\/https:\/\/theone-personalcare.de\/wp-content\/uploads\/2022\/04\/TheONEyourperfectmatchtosuccess.png\" \/>\n\t<meta property=\"og:image:width\" content=\"1080\" \/>\n\t<meta property=\"og:image:height\" content=\"1080\" \/>\n\t<meta property=\"og:image:type\" content=\"image\/png\" \/>\n<meta name=\"twitter:card\" content=\"summary_large_image\" \/>\n<meta name=\"twitter:label1\" content=\"Est. reading time\" \/>\n\t<meta name=\"twitter:data1\" content=\"4 minutes\" \/>\n<script type=\"application\/ld+json\" class=\"yoast-schema-graph\">{\"@context\":\"https:\/\/schema.org\",\"@graph\":[{\"@type\":\"WebPage\",\"@id\":\"https:\/\/theone-personalcare.de\/rueckerstattung_rueckgaben\/\",\"url\":\"https:\/\/theone-personalcare.de\/rueckerstattung_rueckgaben\/\",\"name\":\"Widerrufsrecht, Richtlinie f\u00fcr R\u00fcckerstattungen und R\u00fcckgaben\",\"isPartOf\":{\"@id\":\"https:\/\/theone-personalcare.de\/#website\"},\"datePublished\":\"2022-07-31T17:44:47+00:00\",\"dateModified\":\"2022-07-31T17:50:55+00:00\",\"breadcrumb\":{\"@id\":\"https:\/\/theone-personalcare.de\/rueckerstattung_rueckgaben\/#breadcrumb\"},\"inLanguage\":\"en-US\",\"potentialAction\":[{\"@type\":\"ReadAction\",\"target\":[\"https:\/\/theone-personalcare.de\/rueckerstattung_rueckgaben\/\"]}]},{\"@type\":\"BreadcrumbList\",\"@id\":\"https:\/\/theone-personalcare.de\/rueckerstattung_rueckgaben\/#breadcrumb\",\"itemListElement\":[{\"@type\":\"ListItem\",\"position\":1,\"name\":\"Startseite\",\"item\":\"https:\/\/theone-personalcare.de\/\"},{\"@type\":\"ListItem\",\"position\":2,\"name\":\"Widerrufsrecht, Richtlinie f\u00fcr R\u00fcckerstattungen und R\u00fcckgaben\"}]},{\"@type\":\"WebSite\",\"@id\":\"https:\/\/theone-personalcare.de\/#website\",\"url\":\"https:\/\/theone-personalcare.de\/\",\"name\":\"TheONE personal care Germany\/Austria\",\"description\":\"your perfect MATCH to success\",\"publisher\":{\"@id\":\"https:\/\/theone-personalcare.de\/#organization\"},\"potentialAction\":[{\"@type\":\"SearchAction\",\"target\":{\"@type\":\"EntryPoint\",\"urlTemplate\":\"https:\/\/theone-personalcare.de\/?s={search_term_string}\"},\"query-input\":{\"@type\":\"PropertyValueSpecification\",\"valueRequired\":true,\"valueName\":\"search_term_string\"}}],\"inLanguage\":\"en-US\"},{\"@type\":\"Organization\",\"@id\":\"https:\/\/theone-personalcare.de\/#organization\",\"name\":\"TheONE personalcare Germany Austria\",\"url\":\"https:\/\/theone-personalcare.de\/\",\"logo\":{\"@type\":\"ImageObject\",\"inLanguage\":\"en-US\",\"@id\":\"https:\/\/theone-personalcare.de\/#\/schema\/logo\/image\/\",\"url\":\"https:\/\/mlhm3jpaxkql.i.optimole.com\/w:auto\/h:auto\/q:mauto\/f:best\/https:\/\/theone-personalcare.de\/wp-content\/uploads\/2022\/04\/TheONEyourperfectmatchtosuccess.webp\",\"contentUrl\":\"https:\/\/mlhm3jpaxkql.i.optimole.com\/w:auto\/h:auto\/q:mauto\/f:best\/https:\/\/theone-personalcare.de\/wp-content\/uploads\/2022\/04\/TheONEyourperfectmatchtosuccess.webp\",\"width\":1080,\"height\":1080,\"caption\":\"TheONE personalcare Germany Austria\"},\"image\":{\"@id\":\"https:\/\/theone-personalcare.de\/#\/schema\/logo\/image\/\"},\"sameAs\":[\"https:\/\/www.facebook.com\/The-ONE-your-perfect-MATCH-to-success-Germany-Austria-109913571689332\",\"https:\/\/www.instagram.com\/theone_personalcare_germany\/\"]}]}<\/script>\n<!-- \/ Yoast SEO plugin. -->","yoast_head_json":{"title":"Widerrufsrecht, Richtlinie f\u00fcr R\u00fcckerstattungen und R\u00fcckgaben","robots":{"index":"index","follow":"follow","max-snippet":"max-snippet:-1","max-image-preview":"max-image-preview:large","max-video-preview":"max-video-preview:-1"},"canonical":"https:\/\/theone-personalcare.de\/en\/rueckerstattung_rueckgaben\/","og_locale":"en_US","og_type":"article","og_title":"Widerrufsrecht, Richtlinie f\u00fcr R\u00fcckerstattungen und R\u00fcckgaben","og_description":"Widerruf &amp; R\u00fccksendungen Widerrufsbelehrung I. Widerrufsrecht Sie haben das Recht, binnen 14 Tagen ohne Angabe von Gr\u00fcnden diesen Vertrag zu widerrufen. Die Widerrufsfrist betr\u00e4gt 14 Tage ab dem Tag an dem Sie oder ein von Ihnen benannter Dritter, der nicht der Bef\u00f6rderer ist, die letzte Ware in Besitz genommen haben bzw. hat. Um Ihr Widerrufsrecht [&hellip;]","og_url":"https:\/\/theone-personalcare.de\/en\/rueckerstattung_rueckgaben\/","og_site_name":"TheONE personal care Germany\/Austria","article_publisher":"https:\/\/www.facebook.com\/The-ONE-your-perfect-MATCH-to-success-Germany-Austria-109913571689332","article_modified_time":"2022-07-31T17:50:55+00:00","og_image":[{"width":1080,"height":1080,"url":"https:\/\/mlhm3jpaxkql.i.optimole.com\/w:auto\/h:auto\/q:mauto\/f:best\/https:\/\/theone-personalcare.de\/wp-content\/uploads\/2022\/04\/TheONEyourperfectmatchtosuccess.png","type":"image\/png"}],"twitter_card":"summary_large_image","twitter_misc":{"Est. reading time":"4 minutes"},"schema":{"@context":"https:\/\/schema.org","@graph":[{"@type":"WebPage","@id":"https:\/\/theone-personalcare.de\/rueckerstattung_rueckgaben\/","url":"https:\/\/theone-personalcare.de\/rueckerstattung_rueckgaben\/","name":"Widerrufsrecht, Richtlinie f\u00fcr R\u00fcckerstattungen und R\u00fcckgaben","isPartOf":{"@id":"https:\/\/theone-personalcare.de\/#website"},"datePublished":"2022-07-31T17:44:47+00:00","dateModified":"2022-07-31T17:50:55+00:00","breadcrumb":{"@id":"https:\/\/theone-personalcare.de\/rueckerstattung_rueckgaben\/#breadcrumb"},"inLanguage":"en-US","potentialAction":[{"@type":"ReadAction","target":["https:\/\/theone-personalcare.de\/rueckerstattung_rueckgaben\/"]}]},{"@type":"BreadcrumbList","@id":"https:\/\/theone-personalcare.de\/rueckerstattung_rueckgaben\/#breadcrumb","itemListElement":[{"@type":"ListItem","position":1,"name":"Startseite","item":"https:\/\/theone-personalcare.de\/"},{"@type":"ListItem","position":2,"name":"Widerrufsrecht, Richtlinie f\u00fcr R\u00fcckerstattungen und R\u00fcckgaben"}]},{"@type":"WebSite","@id":"https:\/\/theone-personalcare.de\/#website","url":"https:\/\/theone-personalcare.de\/","name":"TheONE personal care Germany\/Austria","description":"your perfect MATCH to success","publisher":{"@id":"https:\/\/theone-personalcare.de\/#organization"},"potentialAction":[{"@type":"SearchAction","target":{"@type":"EntryPoint","urlTemplate":"https:\/\/theone-personalcare.de\/?s={search_term_string}"},"query-input":{"@type":"PropertyValueSpecification","valueRequired":true,"valueName":"search_term_string"}}],"inLanguage":"en-US"},{"@type":"Organization","@id":"https:\/\/theone-personalcare.de\/#organization","name":"TheONE personalcare Germany Austria","url":"https:\/\/theone-personalcare.de\/","logo":{"@type":"ImageObject","inLanguage":"en-US","@id":"https:\/\/theone-personalcare.de\/#\/schema\/logo\/image\/","url":"https:\/\/mlhm3jpaxkql.i.optimole.com\/w:auto\/h:auto\/q:mauto\/f:best\/https:\/\/theone-personalcare.de\/wp-content\/uploads\/2022\/04\/TheONEyourperfectmatchtosuccess.webp","contentUrl":"https:\/\/mlhm3jpaxkql.i.optimole.com\/w:auto\/h:auto\/q:mauto\/f:best\/https:\/\/theone-personalcare.de\/wp-content\/uploads\/2022\/04\/TheONEyourperfectmatchtosuccess.webp","width":1080,"height":1080,"caption":"TheONE personalcare Germany Austria"},"image":{"@id":"https:\/\/theone-personalcare.de\/#\/schema\/logo\/image\/"},"sameAs":["https:\/\/www.facebook.com\/The-ONE-your-perfect-MATCH-to-success-Germany-Austria-109913571689332","https:\/\/www.instagram.com\/theone_personalcare_germany\/"]}]}},"_links":{"self":[{"href":"https:\/\/theone-personalcare.de\/en\/wp-json\/wp\/v2\/pages\/67","targetHints":{"allow":["GET"]}}],"collection":[{"href":"https:\/\/theone-personalcare.de\/en\/wp-json\/wp\/v2\/pages"}],"about":[{"href":"https:\/\/theone-personalcare.de\/en\/wp-json\/wp\/v2\/types\/page"}],"author":[{"embeddable":true,"href":"https:\/\/theone-personalcare.de\/en\/wp-json\/wp\/v2\/users\/1"}],"replies":[{"embeddable":true,"href":"https:\/\/theone-personalcare.de\/en\/wp-json\/wp\/v2\/comments?post=67"}],"version-history":[{"count":0,"href":"https:\/\/theone-personalcare.de\/en\/wp-json\/wp\/v2\/pages\/67\/revisions"}],"wp:attachment":[{"href":"https:\/\/theone-personalcare.de\/en\/wp-json\/wp\/v2\/media?parent=67"}],"curies":[{"name":"wp","href":"https:\/\/api.w.org\/{rel}","templated":true}]}}